{"id":9954,"date":"2021-06-24T00:17:36","date_gmt":"2021-06-23T21:17:36","guid":{"rendered":"http:\/\/fatihsogutma.com\/?page_id=9954"},"modified":"2021-06-24T00:17:36","modified_gmt":"2021-06-23T21:17:36","slug":"afyon-sanica-servisi","status":"publish","type":"page","link":"https:\/\/fatihsogutma.com\/index.php\/afyon-sanica-servisi\/","title":{"rendered":"Afyon Sanica Servisi"},"content":{"rendered":"<p>[vc_row row_type=&#8221;2&#8243; animate=&#8221;&#8221; blox_image=&#8221;9775&#8243; align_center=&#8221;aligncenter&#8221; page_title=&#8221;page-title-x&#8221; blox_dark=&#8221;true&#8221;][vc_column]<hr class=\"vertical-space4\">[vc_column_text]<\/p>\n<h1 style=\"text-align: center;\"><strong><span style=\"color: #000000;\">AFYON SANICA SERV\u0130S\u0130<\/span><\/strong><\/h1>\n<p>[\/vc_column_text]<hr class=\"vertical-space4\">[\/vc_column][\/vc_row][vc_row animate=&#8221;&#8221;][vc_column css=&#8221;.vc_custom_1492095820354{padding-top: 30px !important;}&#8221;][vc_column_text]<\/p>\n<h2 style=\"text-align: center;\"><span style=\"color: #000000;\">KOMB\u0130, KL\u0130MA &amp; ANKASTRE<strong><br \/>\n<span style=\"color: #00ccff;\">SERV\u0130SL\u0130KLER\u0130M\u0130Z<\/span><\/strong><\/span><\/h2>\n<p>[\/vc_column_text][vc_row_inner][vc_column_inner width=&#8221;1\/4&#8243;][vc_single_image image=&#8221;9758&#8243; img_size=&#8221;full&#8221; alignment=&#8221;center&#8221;][vc_column_text css=&#8221;.vc_custom_1492095548462{padding-top: 7px !important;}&#8221;]<\/p>\n<h4 style=\"text-align: center;\">Afyon Alarko Servisi<\/h4>\n<p>[\/vc_column_text][\/vc_column_inner][vc_column_inner width=&#8221;1\/4&#8243;][vc_single_image image=&#8221;9759&#8243; img_size=&#8221;full&#8221; alignment=&#8221;center&#8221;][vc_column_text css=&#8221;.vc_custom_1492095555781{padding-top: 7px !important;}&#8221;]<\/p>\n<h4 style=\"text-align: center;\">Afyon Ariston\u00a0Servisi<\/h4>\n<p>[\/vc_column_text][\/vc_column_inner][vc_column_inner width=&#8221;1\/4&#8243;][vc_single_image image=&#8221;9760&#8243; img_size=&#8221;full&#8221; alignment=&#8221;center&#8221;][vc_column_text css=&#8221;.vc_custom_1492095563138{padding-top: 7px !important;}&#8221;]<\/p>\n<h4 style=\"text-align: center;\">Afyon Baymak\u00a0Servisi<\/h4>\n<p>[\/vc_column_text][\/vc_column_inner][vc_column_inner width=&#8221;1\/4&#8243;][vc_single_image image=&#8221;9761&#8243; img_size=&#8221;full&#8221; alignment=&#8221;center&#8221;][vc_column_text css=&#8221;.vc_custom_1492095650380{padding-top: 7px !important;}&#8221;]<\/p>\n<h4 style=\"text-align: center;\">Afyon Ferroli\u00a0Servisi<\/h4>\n<p>[\/vc_column_text][\/vc_column_inner][\/vc_row_inner][vc_row_inner css=&#8221;.vc_custom_1492095684797{padding-top: 25px !important;}&#8221;][vc_column_inner width=&#8221;1\/4&#8243;][vc_single_image image=&#8221;9762&#8243; img_size=&#8221;full&#8221; alignment=&#8221;center&#8221;][vc_column_text css=&#8221;.vc_custom_1492095664723{padding-top: 7px !important;}&#8221;]<\/p>\n<h4 style=\"text-align: center;\">Afyon Immergas\u00a0Servisi<\/h4>\n<p>[\/vc_column_text][\/vc_column_inner][vc_column_inner width=&#8221;1\/4&#8243;][vc_single_image image=&#8221;9763&#8243; img_size=&#8221;full&#8221; alignment=&#8221;center&#8221;][vc_column_text css=&#8221;.vc_custom_1492095676517{padding-top: 7px !important;}&#8221;]<\/p>\n<h4 style=\"text-align: center;\">Afyon Warmhaus\u00a0Servisi<\/h4>\n<p>[\/vc_column_text][\/vc_column_inner][vc_column_inner width=&#8221;1\/4&#8243;][vc_single_image image=&#8221;9794&#8243; img_size=&#8221;full&#8221; alignment=&#8221;center&#8221;][vc_column_text css=&#8221;.vc_custom_1492151584623{padding-top: 7px !important;}&#8221;]<\/p>\n<h4 style=\"text-align: center;\">Afyon Toshiba So\u011futma Sis.\u00a0Servisi<\/h4>\n<p>[\/vc_column_text][\/vc_column_inner][vc_column_inner width=&#8221;1\/4&#8243;][vc_single_image image=&#8221;9918&#8243; img_size=&#8221;full&#8221; alignment=&#8221;center&#8221;][vc_column_text css=&#8221;.vc_custom_1624481112431{padding-top: 7px !important;}&#8221;]<\/p>\n<h4 style=\"text-align: center;\">Afyon Daikin Servisi<\/h4>\n<p>[\/vc_column_text][\/vc_column_inner][\/vc_row_inner][vc_row_inner css=&#8221;.vc_custom_1492095684797{padding-top: 25px !important;}&#8221;][vc_column_inner width=&#8221;1\/4&#8243;][vc_single_image image=&#8221;9920&#8243; img_size=&#8221;full&#8221; alignment=&#8221;center&#8221;][vc_column_text css=&#8221;.vc_custom_1624481145624{padding-top: 7px !important;}&#8221;]<\/p>\n<h4 style=\"text-align: center;\">Afyon Thermex Servisi<\/h4>\n<p>[\/vc_column_text][\/vc_column_inner][vc_column_inner width=&#8221;1\/4&#8243;][vc_single_image image=&#8221;9916&#8243; img_size=&#8221;full&#8221; alignment=&#8221;center&#8221;][vc_column_text css=&#8221;.vc_custom_1624481178259{padding-top: 7px !important;}&#8221;]<\/p>\n<h4 style=\"text-align: center;\">Afyon Airfel Servisi<\/h4>\n<p>[\/vc_column_text][\/vc_column_inner][vc_column_inner width=&#8221;1\/4&#8243;][vc_single_image image=&#8221;9919&#8243; img_size=&#8221;full&#8221; alignment=&#8221;center&#8221;][vc_column_text css=&#8221;.vc_custom_1624481204797{padding-top: 7px !important;}&#8221;]<\/p>\n<h4 style=\"text-align: center;\">Afyon San\u0131ca Servisi<\/h4>\n<p>[\/vc_column_text][\/vc_column_inner][vc_column_inner width=&#8221;1\/4&#8243;][vc_single_image image=&#8221;9917&#8243; img_size=&#8221;full&#8221; alignment=&#8221;center&#8221;][vc_column_text css=&#8221;.vc_custom_1624481228826{padding-top: 7px !important;}&#8221;]<\/p>\n<h4 style=\"text-align: center;\">Afyon Copa Servisi<\/h4>\n<p>[\/vc_column_text][\/vc_column_inner][\/vc_row_inner][vc_row_inner css=&#8221;.vc_custom_1492095684797{padding-top: 25px !important;}&#8221;][vc_column_inner width=&#8221;1\/4&#8243;][vc_single_image image=&#8221;9764&#8243; img_size=&#8221;full&#8221; alignment=&#8221;center&#8221;][vc_column_text css=&#8221;.vc_custom_1492095770633{padding-top: 7px !important;}&#8221;]<\/p>\n<h4 style=\"text-align: center;\">Afyon \u00c7etinta\u015f\u00a0Servisi<\/h4>\n<p>[\/vc_column_text][\/vc_column_inner][vc_column_inner width=&#8221;1\/4&#8243;][vc_single_image image=&#8221;9795&#8243; img_size=&#8221;full&#8221; alignment=&#8221;center&#8221;][vc_column_text css=&#8221;.vc_custom_1492151722589{padding-top: 7px !important;}&#8221;]<\/p>\n<h4 style=\"text-align: center;\">Afyon Ukinox Ankastre Servisi<\/h4>\n<p>[\/vc_column_text][\/vc_column_inner][\/vc_row_inner][\/vc_column][\/vc_row][vc_row][vc_column width=&#8221;1\/2&#8243;][vc_single_image image=&#8221;9810&#8243; img_size=&#8221;full&#8221; alignment=&#8221;center&#8221;][\/vc_column][vc_column width=&#8221;1\/2&#8243;][vc_column_text]<\/p>\n<h2 style=\"text-align: center;\"><span style=\"color: #00ccff;\">Fatih So\u011futma Olarak\u00a0Sat\u0131\u015f\u00a0<strong>Gruplar\u0131m\u0131z<\/strong><\/span><\/h2>\n<ul>\n<li>Klima Sat\u0131\u015f\u0131<\/li>\n<li>Kombi Sat\u0131\u015f\u0131<\/li>\n<li>Termosifon Sat\u0131\u015f\u0131<\/li>\n<li>Kombi Oda Termostat\u0131 Sat\u0131\u015f\u0131<\/li>\n<li>Ek Garanti Uzatma Paket Sat\u0131\u015f\u0131<\/li>\n<li>2. El Beyaz E\u015fya Sat\u0131\u015f\u0131<\/li>\n<\/ul>\n<h2 style=\"text-align: center;\"><span style=\"color: #00ccff;\">Fatih So\u011futma Olarak<strong>\u00a0Hizmetlerimiz<\/strong><\/span><\/h2>\n<ul>\n<li>Kombi Onar\u0131m, Bak\u0131m ve Servisli\u011fi<\/li>\n<li>Klima Onar\u0131m, Bak\u0131m ve Servisli\u011fi<\/li>\n<li>Ankastre Bak\u0131m ve Onar\u0131m\u0131<\/li>\n<li>Tesisat \u0130\u015flemleri<\/li>\n<li>Beyaz E\u015fya Tamirat\u0131\u00a0ve Kurulum Hizmeti<\/li>\n<li>Is\u0131 Pompas\u0131 Kurulumu ve Tamirat\u0131<\/li>\n<\/ul>\n<p>[\/vc_column_text][\/vc_column][\/vc_row][vc_row row_type=&#8221;2&#8243; blox_image=&#8221;9540&#8243; blox_padding_bottom=&#8221;40&#8243; blox_dark=&#8221;true&#8221; blox_bgcolor=&#8221;#77da55&#8243;][vc_column width=&#8221;1\/6&#8243;]<hr class=\"vertical-space2\">[\/vc_column][vc_column width=&#8221;2\/3&#8243;]<hr class=\"vertical-space5\"><hr class=\"vertical-space2\">[vc_column_text css_animation=&#8221;appear&#8221;]<\/p>\n<h4 style=\"text-align: center; font-size: 44px;\"><strong>Destek &amp; Dan\u0131\u015fma Formu<\/strong><\/h4>\n<p>[\/vc_column_text]<hr class=\"vertical-space1\"><div role=\"form\" class=\"wpcf7\" id=\"wpcf7-f5703-o1\" lang=\"en-US\" dir=\"ltr\">\n<div class=\"screen-reader-response\"><\/div>\n<form action=\"\/index.php\/wp-json\/wp\/v2\/pages\/9954#wpcf7-f5703-o1\" method=\"post\" class=\"wpcf7-form\" novalidate=\"novalidate\">\n<div style=\"display: none;\">\n<input type=\"hidden\" name=\"_wpcf7\" value=\"5703\" \/>\n<input type=\"hidden\" name=\"_wpcf7_version\" value=\"4.7\" \/>\n<input type=\"hidden\" name=\"_wpcf7_locale\" value=\"en_US\" \/>\n<input type=\"hidden\" name=\"_wpcf7_unit_tag\" value=\"wpcf7-f5703-o1\" \/>\n<input type=\"hidden\" name=\"_wpnonce\" value=\"c7a0ded22b\" \/>\n<\/div>\n<p><!-- name --><\/p>\n<div id=\"talk-business\" class=seo-cf-page>\n<div class=\"row\">\n<div class=\"col-sm-12 es-cp\">\n<span class=\"wpcf7-form-control-wrap Adnz\"><input type=\"text\" name=\"Adnz\" value=\"\" size=\"40\" class=\"wpcf7-form-control wpcf7-text\" aria-invalid=\"false\" placeholder=\"ADINIZ\" \/><\/span><\/p><\/div><\/div>\n<p>  <!-- mail & subject --><\/p>\n<div class=\"row\">\n<div class=\"col-sm-6 es-cp\">\n<span class=\"wpcf7-form-control-wrap email-60\"><input type=\"email\" name=\"email-60\" value=\"\" size=\"40\" class=\"wpcf7-form-control wpcf7-text wpcf7-email wpcf7-validates-as-email\" aria-invalid=\"false\" placeholder=\"MA\u0130L ADRES\u0130N\u0130Z\" \/><\/span>\n    <\/div>\n<div class=\"col-sm-6 es-cp\">\n<span class=\"wpcf7-form-control-wrap tel-789\"><input type=\"tel\" name=\"tel-789\" value=\"\" size=\"40\" class=\"wpcf7-form-control wpcf7-text wpcf7-tel wpcf7-validates-as-required wpcf7-validates-as-tel\" aria-required=\"true\" aria-invalid=\"false\" placeholder=\"TELEFON NUMARANIZ\" \/><\/span>\n    <\/div><\/div>\n<p>  <!-- text area --><\/p>\n<div class=\"row\">\n<div class=\"col-sm-12 es-cp\">\n <span class=\"wpcf7-form-control-wrap textarea-30\"><textarea name=\"textarea-30\" cols=\"40\" rows=\"10\" class=\"wpcf7-form-control wpcf7-textarea wpcf7-validates-as-required\" aria-required=\"true\" aria-invalid=\"false\" placeholder=\"MESAJINIZ\"><\/textarea><\/span>\n    <\/div><\/div>\n<p>  <!-- btns --><\/p>\n<div class=\"row contact_information_btns\">\n<div class=\"col-sm-3\"><\/div>\n<div class=\"col-sm-6 aligncenter\">\n      <input type=\"submit\" value=\"G\u00d6NDER\" class=\"wpcf7-form-control wpcf7-submit\" \/>\n    <\/div>\n<div class=\"col-sm-3\"><\/div><\/div>\n<\/div>\n<div class=\"wpcf7-response-output wpcf7-display-none\"><\/div><\/form><\/div><hr class=\"vertical-space4\">[\/vc_column][vc_column width=&#8221;1\/6&#8243;]<hr class=\"vertical-space5\">[\/vc_column][\/vc_row]<\/p>\n","protected":false},"excerpt":{"rendered":"<p>[vc_row row_type=&#8221;2&#8243; animate=&#8221;&#8221; blox_image=&#8221;9775&#8243; align_center=&#8221;aligncenter&#8221; page_title=&#8221;page-title-x&#8221; blox_dark=&#8221;true&#8221;][vc_column][vc_column_text] AFYON SANICA SERV\u0130S\u0130 [\/vc_column_text][\/vc_column][\/vc_row][vc_row animate=&#8221;&#8221;][vc_column css=&#8221;.vc_custom_1492095820354{padding-top: 30px !important;}&#8221;][vc_column_text] KOMB\u0130, KL\u0130MA &amp; ANKASTRE SERV\u0130SL\u0130KLER\u0130M\u0130Z [\/vc_column_text][vc_row_inner][vc_column_inner width=&#8221;1\/4&#8243;][vc_single_image image=&#8221;9758&#8243; img_size=&#8221;full&#8221; alignment=&#8221;center&#8221;][vc_column_text css=&#8221;.vc_custom_1492095548462{padding-top: 7px !important;}&#8221;] Afyon Alarko Servisi [\/vc_column_text][\/vc_column_inner][vc_column_inner width=&#8221;1\/4&#8243;][vc_single_image image=&#8221;9759&#8243; img_size=&#8221;full&#8221; alignment=&#8221;center&#8221;][vc_column_text css=&#8221;.vc_custom_1492095555781{padding-top: 7px !important;}&#8221;] Afyon Ariston\u00a0Servisi [\/vc_column_text][\/vc_column_inner][vc_column_inner width=&#8221;1\/4&#8243;][vc_single_image image=&#8221;9760&#8243; img_size=&#8221;full&#8221; alignment=&#8221;center&#8221;][vc_column_text css=&#8221;.vc_custom_1492095563138{padding-top: 7px !important;}&#8221;] Afyon Baymak\u00a0Servisi [\/vc_column_text][\/vc_column_inner][vc_column_inner width=&#8221;1\/4&#8243;][vc_single_image image=&#8221;9761&#8243; img_size=&#8221;full&#8221; alignment=&#8221;center&#8221;][vc_column_text css=&#8221;.vc_custom_1492095650380{padding-top: 7px !important;}&#8221;] Afyon Ferroli\u00a0Servisi [\/vc_column_text][\/vc_column_inner][\/vc_row_inner][vc_row_inner css=&#8221;.vc_custom_1492095684797{padding-top: 25px !important;}&#8221;][vc_column_inner width=&#8221;1\/4&#8243;][vc_single_image image=&#8221;9762&#8243; img_size=&#8221;full&#8221; alignment=&#8221;center&#8221;][vc_column_text css=&#8221;.vc_custom_1492095664723{padding-top: 7px !important;}&#8221;] Afyon Immergas\u00a0Servisi [\/vc_column_text][\/vc_column_inner][vc_column_inner width=&#8221;1\/4&#8243;][vc_single_image image=&#8221;9763&#8243; img_size=&#8221;full&#8221; alignment=&#8221;center&#8221;][vc_column_text css=&#8221;.vc_custom_1492095676517{padding-top: 7px !important;}&#8221;] Afyon Warmhaus\u00a0Servisi [\/vc_column_text][\/vc_column_inner][vc_column_inner width=&#8221;1\/4&#8243;][vc_single_image image=&#8221;9794&#8243; img_size=&#8221;full&#8221; alignment=&#8221;center&#8221;][vc_column_text css=&#8221;.vc_custom_1492151584623{padding-top: 7px !important;}&#8221;] Afyon Toshiba So\u011futma Sis.\u00a0Servisi [\/vc_column_text][\/vc_column_inner][vc_column_inner width=&#8221;1\/4&#8243;][vc_single_image image=&#8221;9918&#8243; img_size=&#8221;full&#8221; alignment=&#8221;center&#8221;][vc_column_text css=&#8221;.vc_custom_1624481112431{padding-top: 7px !important;}&#8221;] Afyon Daikin Servisi [\/vc_column_text][\/vc_column_inner][\/vc_row_inner][vc_row_inner css=&#8221;.vc_custom_1492095684797{padding-top: 25px !important;}&#8221;][vc_column_inner width=&#8221;1\/4&#8243;][vc_single_image image=&#8221;9920&#8243; img_size=&#8221;full&#8221; alignment=&#8221;center&#8221;][vc_column_text css=&#8221;.vc_custom_1624481145624{padding-top: 7px !important;}&#8221;] Afyon Thermex Servisi [\/vc_column_text][\/vc_column_inner][vc_column_inner width=&#8221;1\/4&#8243;][vc_single_image image=&#8221;9916&#8243; img_size=&#8221;full&#8221; alignment=&#8221;center&#8221;][vc_column_text css=&#8221;.vc_custom_1624481178259{padding-top: 7px !important;}&#8221;] Afyon Airfel Servisi [\/vc_column_text][\/vc_column_inner][vc_column_inner width=&#8221;1\/4&#8243;][vc_single_image image=&#8221;9919&#8243; img_size=&#8221;full&#8221; alignment=&#8221;center&#8221;][vc_column_text css=&#8221;.vc_custom_1624481204797{padding-top: 7px !important;}&#8221;] Afyon San\u0131ca Servisi [\/vc_column_text][\/vc_column_inner][vc_column_inner width=&#8221;1\/4&#8243;][vc_single_image image=&#8221;9917&#8243; img_size=&#8221;full&#8221; alignment=&#8221;center&#8221;][vc_column_text css=&#8221;.vc_custom_1624481228826{padding-top: 7px !important;}&#8221;] Afyon Copa Servisi [\/vc_column_text][\/vc_column_inner][\/vc_row_inner][vc_row_inner css=&#8221;.vc_custom_1492095684797{padding-top: 25px !important;}&#8221;][vc_column_inner width=&#8221;1\/4&#8243;][vc_single_image image=&#8221;9764&#8243; img_size=&#8221;full&#8221; alignment=&#8221;center&#8221;][vc_column_text css=&#8221;.vc_custom_1492095770633{padding-top: 7px !important;}&#8221;] Afyon \u00c7etinta\u015f\u00a0Servisi [\/vc_column_text][\/vc_column_inner][vc_column_inner width=&#8221;1\/4&#8243;][vc_single_image image=&#8221;9795&#8243; img_size=&#8221;full&#8221; alignment=&#8221;center&#8221;][vc_column_text css=&#8221;.vc_custom_1492151722589{padding-top: 7px !important;}&#8221;] Afyon Ukinox Ankastre Servisi [\/vc_column_text][\/vc_column_inner][\/vc_row_inner][\/vc_column][\/vc_row][vc_row][vc_column width=&#8221;1\/2&#8243;][vc_single_image image=&#8221;9810&#8243; img_size=&#8221;full&#8221; alignment=&#8221;center&#8221;][\/vc_column][vc_column width=&#8221;1\/2&#8243;][vc_column_text] Fatih So\u011futma Olarak\u00a0Sat\u0131\u015f\u00a0Gruplar\u0131m\u0131z Klima Sat\u0131\u015f\u0131 Kombi Sat\u0131\u015f\u0131 Termosifon Sat\u0131\u015f\u0131 Kombi Oda Termostat\u0131 Sat\u0131\u015f\u0131 Ek Garanti Uzatma Paket Sat\u0131\u015f\u0131 2. El Beyaz E\u015fya Sat\u0131\u015f\u0131 Fatih So\u011futma Olarak\u00a0Hizmetlerimiz Kombi Onar\u0131m, Bak\u0131m ve Servisli\u011fi Klima Onar\u0131m, Bak\u0131m ve Servisli\u011fi Ankastre Bak\u0131m ve Onar\u0131m\u0131 Tesisat \u0130\u015flemleri Beyaz E\u015fya Tamirat\u0131\u00a0ve Kurulum Hizmeti Is\u0131 Pompas\u0131 Kurulumu ve Tamirat\u0131 [\/vc_column_text][\/vc_column][\/vc_row][vc_row row_type=&#8221;2&#8243; blox_image=&#8221;9540&#8243; blox_padding_bottom=&#8221;40&#8243; blox_dark=&#8221;true&#8221; blox_bgcolor=&#8221;#77da55&#8243;][vc_column width=&#8221;1\/6&#8243;][\/vc_column][vc_column width=&#8221;2\/3&#8243;][vc_column_text css_animation=&#8221;appear&#8221;] Destek &amp; Dan\u0131\u015fma Formu [\/vc_column_text][\/vc_column][vc_column width=&#8221;1\/6&#8243;][\/vc_column][\/vc_row]<\/p>\n","protected":false},"author":1,"featured_media":0,"parent":0,"menu_order":0,"comment_status":"closed","ping_status":"closed","template":"","meta":[],"_links":{"self":[{"href":"https:\/\/fatihsogutma.com\/index.php\/wp-json\/wp\/v2\/pages\/9954"}],"collection":[{"href":"https:\/\/fatihsogutma.com\/index.php\/wp-json\/wp\/v2\/pages"}],"about":[{"href":"https:\/\/fatihsogutma.com\/index.php\/wp-json\/wp\/v2\/types\/page"}],"author":[{"embeddable":true,"href":"https:\/\/fatihsogutma.com\/index.php\/wp-json\/wp\/v2\/users\/1"}],"replies":[{"embeddable":true,"href":"https:\/\/fatihsogutma.com\/index.php\/wp-json\/wp\/v2\/comments?post=9954"}],"version-history":[{"count":1,"href":"https:\/\/fatihsogutma.com\/index.php\/wp-json\/wp\/v2\/pages\/9954\/revisions"}],"predecessor-version":[{"id":9963,"href":"https:\/\/fatihsogutma.com\/index.php\/wp-json\/wp\/v2\/pages\/9954\/revisions\/9963"}],"wp:attachment":[{"href":"https:\/\/fatihsogutma.com\/index.php\/wp-json\/wp\/v2\/media?parent=9954"}],"curies":[{"name":"wp","href":"https:\/\/api.w.org\/{rel}","templated":true}]}}