{"id":9876,"date":"2017-04-14T12:10:25","date_gmt":"2017-04-14T09:10:25","guid":{"rendered":"http:\/\/fatihsogutma.com\/?page_id=9876"},"modified":"2017-04-14T12:11:03","modified_gmt":"2017-04-14T09:11:03","slug":"fatih-sogutma-iletisim","status":"publish","type":"page","link":"https:\/\/fatihsogutma.com\/index.php\/fatih-sogutma-iletisim\/","title":{"rendered":"\u0130LET\u0130\u015e\u0130M"},"content":{"rendered":"<p>[vc_row row_type=&#8221;2&#8243; animate=&#8221;&#8221; blox_image=&#8221;9775&#8243; align_center=&#8221;aligncenter&#8221; page_title=&#8221;page-title-x&#8221; blox_dark=&#8221;true&#8221;][vc_column]<hr class=\"vertical-space4\">[vc_column_text]<\/p>\n<h1 style=\"text-align: center;\"><strong><span style=\"color: #000000;\">\u0130LET\u0130\u015e\u0130M<\/span><\/strong><\/h1>\n<p>[\/vc_column_text]<hr class=\"vertical-space4\">[\/vc_column][\/vc_row][vc_row][vc_column]<hr class=\"vertical-space1\">[\/vc_column][\/vc_row][vc_row][vc_column width=&#8221;1\/3&#8243;][vc_icon icon_fontawesome=&#8221;fa fa-phone&#8221; color=&#8221;white&#8221; background_style=&#8221;rounded&#8221; background_color=&#8221;custom&#8221; align=&#8221;center&#8221; custom_background_color=&#8221;#0ab1f0&#8243;][vc_column_text css=&#8221;.vc_custom_1492160929596{padding-top: 10px !important;}&#8221;]<\/p>\n<h4 style=\"text-align: center;\">0 272 214 5133<br \/>\n0 532 763 99 42<\/h4>\n<p>[\/vc_column_text][\/vc_column][vc_column width=&#8221;1\/3&#8243;][vc_icon icon_fontawesome=&#8221;fa fa-map-marker&#8221; color=&#8221;white&#8221; background_style=&#8221;rounded&#8221; background_color=&#8221;custom&#8221; align=&#8221;center&#8221; custom_background_color=&#8221;#0ab1f0&#8243;][vc_column_text css=&#8221;.vc_custom_1492160956246{padding-top: 10px !important;}&#8221;]<\/p>\n<h4 style=\"text-align: center;\">Cumhuriyet Mh. \u015e\u00fckr\u00fc \u00c7elikalay Cd. Esra SiT. C Blok D:13<br \/>\nMerkez \/ AFYONKARAH\u0130SAR<\/h4>\n<p>[\/vc_column_text][\/vc_column][vc_column width=&#8221;1\/3&#8243;][vc_icon icon_fontawesome=&#8221;fa fa-envelope&#8221; color=&#8221;white&#8221; background_style=&#8221;rounded&#8221; background_color=&#8221;custom&#8221; align=&#8221;center&#8221; custom_background_color=&#8221;#0ab1f0&#8243;][vc_column_text css=&#8221;.vc_custom_1492160976730{padding-top: 10px !important;}&#8221;]<\/p>\n<h4 style=\"text-align: center;\"><a href=\"mailto:info@fatihsogutma.com\">info@fatihsogutma.com<\/a><br \/>\nwww.fatihsogutma.com<\/h4>\n<p>[\/vc_column_text][\/vc_column][\/vc_row][vc_row row_type=&#8221;2&#8243; blox_image=&#8221;9540&#8243; blox_padding_bottom=&#8221;40&#8243; blox_dark=&#8221;true&#8221; blox_bgcolor=&#8221;#77da55&#8243;][vc_column width=&#8221;1\/6&#8243;]<hr class=\"vertical-space2\">[\/vc_column][vc_column width=&#8221;2\/3&#8243;]<hr class=\"vertical-space5\"><hr class=\"vertical-space2\">[vc_column_text css_animation=&#8221;appear&#8221;]<\/p>\n<h4 style=\"text-align: center; font-size: 44px;\"><strong>Destek &amp; Dan\u0131\u015fma Formu<\/strong><\/h4>\n<p>[\/vc_column_text]<hr class=\"vertical-space1\"><div role=\"form\" class=\"wpcf7\" id=\"wpcf7-f5703-o1\" lang=\"en-US\" dir=\"ltr\">\n<div class=\"screen-reader-response\"><\/div>\n<form action=\"\/index.php\/wp-json\/wp\/v2\/pages\/9876#wpcf7-f5703-o1\" method=\"post\" class=\"wpcf7-form\" novalidate=\"novalidate\">\n<div style=\"display: none;\">\n<input type=\"hidden\" name=\"_wpcf7\" value=\"5703\" \/>\n<input type=\"hidden\" name=\"_wpcf7_version\" value=\"4.7\" \/>\n<input type=\"hidden\" name=\"_wpcf7_locale\" value=\"en_US\" \/>\n<input type=\"hidden\" name=\"_wpcf7_unit_tag\" value=\"wpcf7-f5703-o1\" \/>\n<input type=\"hidden\" name=\"_wpnonce\" value=\"c7a0ded22b\" \/>\n<\/div>\n<p><!-- name --><\/p>\n<div id=\"talk-business\" class=seo-cf-page>\n<div class=\"row\">\n<div class=\"col-sm-12 es-cp\">\n<span class=\"wpcf7-form-control-wrap Adnz\"><input type=\"text\" name=\"Adnz\" value=\"\" size=\"40\" class=\"wpcf7-form-control wpcf7-text\" aria-invalid=\"false\" placeholder=\"ADINIZ\" \/><\/span><\/p><\/div><\/div>\n<p>  <!-- mail & subject --><\/p>\n<div class=\"row\">\n<div class=\"col-sm-6 es-cp\">\n<span class=\"wpcf7-form-control-wrap email-60\"><input type=\"email\" name=\"email-60\" value=\"\" size=\"40\" class=\"wpcf7-form-control wpcf7-text wpcf7-email wpcf7-validates-as-email\" aria-invalid=\"false\" placeholder=\"MA\u0130L ADRES\u0130N\u0130Z\" \/><\/span>\n    <\/div>\n<div class=\"col-sm-6 es-cp\">\n<span class=\"wpcf7-form-control-wrap tel-789\"><input type=\"tel\" name=\"tel-789\" value=\"\" size=\"40\" class=\"wpcf7-form-control wpcf7-text wpcf7-tel wpcf7-validates-as-required wpcf7-validates-as-tel\" aria-required=\"true\" aria-invalid=\"false\" placeholder=\"TELEFON NUMARANIZ\" \/><\/span>\n    <\/div><\/div>\n<p>  <!-- text area --><\/p>\n<div class=\"row\">\n<div class=\"col-sm-12 es-cp\">\n <span class=\"wpcf7-form-control-wrap textarea-30\"><textarea name=\"textarea-30\" cols=\"40\" rows=\"10\" class=\"wpcf7-form-control wpcf7-textarea wpcf7-validates-as-required\" aria-required=\"true\" aria-invalid=\"false\" placeholder=\"MESAJINIZ\"><\/textarea><\/span>\n    <\/div><\/div>\n<p>  <!-- btns --><\/p>\n<div class=\"row contact_information_btns\">\n<div class=\"col-sm-3\"><\/div>\n<div class=\"col-sm-6 aligncenter\">\n      <input type=\"submit\" value=\"G\u00d6NDER\" class=\"wpcf7-form-control wpcf7-submit\" \/>\n    <\/div>\n<div class=\"col-sm-3\"><\/div><\/div>\n<\/div>\n<div class=\"wpcf7-response-output wpcf7-display-none\"><\/div><\/form><\/div><hr class=\"vertical-space4\">[\/vc_column][vc_column width=&#8221;1\/6&#8243;]<hr class=\"vertical-space5\">[\/vc_column][\/vc_row]<\/p>\n","protected":false},"excerpt":{"rendered":"<p>[vc_row row_type=&#8221;2&#8243; animate=&#8221;&#8221; blox_image=&#8221;9775&#8243; align_center=&#8221;aligncenter&#8221; page_title=&#8221;page-title-x&#8221; blox_dark=&#8221;true&#8221;][vc_column][vc_column_text] \u0130LET\u0130\u015e\u0130M [\/vc_column_text][\/vc_column][\/vc_row][vc_row][vc_column][\/vc_column][\/vc_row][vc_row][vc_column width=&#8221;1\/3&#8243;][vc_icon icon_fontawesome=&#8221;fa fa-phone&#8221; color=&#8221;white&#8221; background_style=&#8221;rounded&#8221; background_color=&#8221;custom&#8221; align=&#8221;center&#8221; custom_background_color=&#8221;#0ab1f0&#8243;][vc_column_text css=&#8221;.vc_custom_1492160929596{padding-top: 10px !important;}&#8221;] 0 272 214 5133 0 532 763 99 42 [\/vc_column_text][\/vc_column][vc_column width=&#8221;1\/3&#8243;][vc_icon icon_fontawesome=&#8221;fa fa-map-marker&#8221; color=&#8221;white&#8221; background_style=&#8221;rounded&#8221; background_color=&#8221;custom&#8221; align=&#8221;center&#8221; custom_background_color=&#8221;#0ab1f0&#8243;][vc_column_text css=&#8221;.vc_custom_1492160956246{padding-top: 10px !important;}&#8221;] Cumhuriyet Mh. \u015e\u00fckr\u00fc \u00c7elikalay Cd. Esra SiT. C Blok D:13 Merkez \/ AFYONKARAH\u0130SAR [\/vc_column_text][\/vc_column][vc_column width=&#8221;1\/3&#8243;][vc_icon icon_fontawesome=&#8221;fa fa-envelope&#8221; color=&#8221;white&#8221; background_style=&#8221;rounded&#8221; background_color=&#8221;custom&#8221; align=&#8221;center&#8221; custom_background_color=&#8221;#0ab1f0&#8243;][vc_column_text css=&#8221;.vc_custom_1492160976730{padding-top: 10px !important;}&#8221;] info@fatihsogutma.com www.fatihsogutma.com [\/vc_column_text][\/vc_column][\/vc_row][vc_row row_type=&#8221;2&#8243; blox_image=&#8221;9540&#8243; blox_padding_bottom=&#8221;40&#8243; blox_dark=&#8221;true&#8221; blox_bgcolor=&#8221;#77da55&#8243;][vc_column width=&#8221;1\/6&#8243;][\/vc_column][vc_column width=&#8221;2\/3&#8243;][vc_column_text css_animation=&#8221;appear&#8221;] Destek &amp; Dan\u0131\u015fma Formu [\/vc_column_text][\/vc_column][vc_column width=&#8221;1\/6&#8243;][\/vc_column][\/vc_row]<\/p>\n","protected":false},"author":1,"featured_media":0,"parent":0,"menu_order":0,"comment_status":"closed","ping_status":"closed","template":"","meta":[],"_links":{"self":[{"href":"https:\/\/fatihsogutma.com\/index.php\/wp-json\/wp\/v2\/pages\/9876"}],"collection":[{"href":"https:\/\/fatihsogutma.com\/index.php\/wp-json\/wp\/v2\/pages"}],"about":[{"href":"https:\/\/fatihsogutma.com\/index.php\/wp-json\/wp\/v2\/types\/page"}],"author":[{"embeddable":true,"href":"https:\/\/fatihsogutma.com\/index.php\/wp-json\/wp\/v2\/users\/1"}],"replies":[{"embeddable":true,"href":"https:\/\/fatihsogutma.com\/index.php\/wp-json\/wp\/v2\/comments?post=9876"}],"version-history":[{"count":2,"href":"https:\/\/fatihsogutma.com\/index.php\/wp-json\/wp\/v2\/pages\/9876\/revisions"}],"predecessor-version":[{"id":9878,"href":"https:\/\/fatihsogutma.com\/index.php\/wp-json\/wp\/v2\/pages\/9876\/revisions\/9878"}],"wp:attachment":[{"href":"https:\/\/fatihsogutma.com\/index.php\/wp-json\/wp\/v2\/media?parent=9876"}],"curies":[{"name":"wp","href":"https:\/\/api.w.org\/{rel}","templated":true}]}}